{"id":2,"date":"2008-01-26T17:21:39","date_gmt":"2008-01-26T16:21:39","guid":{"rendered":""},"modified":"2014-01-16T17:36:36","modified_gmt":"2014-01-16T16:36:36","slug":"a-propos","status":"publish","type":"page","link":"http:\/\/blog.guiguiabloc.fr\/index.php\/a-propos\/","title":{"rendered":"A propos"},"content":{"rendered":"<p>Geek, Blogueur , Ing\u00e9nieur Syst\u00e8me et R\u00e9seau, pr0n addict&#8230; D\u00e9finitivement pas pr\u00e9sentable&#8230; Ce blog sous<a title=\"http:\/\/wordpress.org\/\" href=\"http:\/\/wordpress.org\/\" target=\"_blank\"> WordPress<\/a> est d\u00e9licatement propuls\u00e9 par <a title=\"http:\/\/nginx.org\/\" href=\"http:\/\/nginx.org\/\" target=\"_blank\">Nginx<\/a> avec le module <a title=\"http:\/\/code.google.com\/p\/naxsi\/\" href=\"http:\/\/code.google.com\/p\/naxsi\/\" target=\"_blank\">Naxsi<\/a> , <a title=\"https:\/\/www.varnish-cache.org\/\" href=\"https:\/\/www.varnish-cache.org\/\" target=\"_blank\">Varnish<\/a>, <a title=\"http:\/\/php-fpm.org\/\" href=\"http:\/\/php-fpm.org\/\" target=\"_blank\">Php-fpm<\/a>, <a title=\"http:\/\/memcached.org\/\" href=\"http:\/\/memcached.org\/\" target=\"_blank\">Memcached<\/a> et <a title=\"http:\/\/sourceforge.net\/projects\/eaccelerator\/\" href=\"http:\/\/sourceforge.net\/projects\/eaccelerator\/\" target=\"_blank\">eAcceleator<\/a>.<\/p>\n<p>&nbsp;<\/p>\n<p><a href=\"http:\/\/creativecommons.org\/licenses\/by-nc-sa\/3.0\/deed.fr\" rel=\"license\"><img style=\"border-width: 0;\" alt=\"Licence Creative Commons\" src=\"https:\/\/i.creativecommons.org\/l\/by-nc-sa\/3.0\/88x31.png\" \/><\/a><br \/>\nLes articles de ce blog sont mis \u00e0 disposition selon les termes de la <a href=\"http:\/\/creativecommons.org\/licenses\/by-nc-sa\/3.0\/deed.fr\" rel=\"license\">Licence Creative Commons Attribution &#8211; Pas d\u2019Utilisation Commerciale &#8211; Partage dans les M\u00eames Conditions 3.0 non transpos\u00e9<\/a>.<\/p>\n<p>Flux RSS :<br \/>\n<a title=\"http:\/\/blog.guiguiabloc.fr\/index.php\/feed\/\" href=\"http:\/\/blog.guiguiabloc.fr\/index.php\/feed\/\" target=\"&quot;_blank\">http:\/\/blog.guiguiabloc.fr\/index.php\/feed\/<\/a><br \/>\n<a title=\"http:\/\/feeds.feedburner.com\/guiguiabloc\" href=\"http:\/\/feeds.feedburner.com\/guiguiabloc\" target=\"_blank\">http:\/\/feeds.feedburner.com\/guiguiabloc<\/a><\/p>\n<p><a href=\"http:\/\/ipv6.he.net\/certification\/scoresheet.php?pass_name=guiguiabloc\" target=\"_blank\"><img loading=\"lazy\" alt=\"IPv6 Certification Badge for guiguiabloc\" src=\"https:\/\/ipv6.he.net\/certification\/create_badge.php?pass_name=guiguiabloc&amp;badge=1\" width=\"128\" height=\"128\" border=\"0\" \/><\/a><\/p>\n<div id=\"ipv6_enabled_www_test_logo\"><\/div>\n<p><script type=\"text\/javascript\" language=\"JavaScript\">\/\/ <![CDATA[\nvar Ipv6_Js_Server = ((\"https:\" == document.location.protocol) ? \"https:\/\/\" : \"http:\/\/\"); \tdocument.write(unescape(\"%3Cscript src='\" + Ipv6_Js_Server + \"www.ipv6forum.com\/ipv6_enabled\/sa\/SA1.php?id=725' type='text\/javascript'%3E%3C\/script%3E\"));\n\/\/ ]]><\/script><\/p>\n","protected":false},"excerpt":{"rendered":"<p>Geek, Blogueur , Ing\u00e9nieur Syst\u00e8me et R\u00e9seau, pr0n addict&#8230; D\u00e9finitivement pas pr\u00e9sentable&#8230; Ce blog sous WordPress est d\u00e9licatement propuls\u00e9 par Nginx avec le module Naxsi , Varnish, Php-fpm, Memcached et eAcceleator. &nbsp; Les articles de ce blog sont mis \u00e0 &hellip; <a href=\"http:\/\/blog.guiguiabloc.fr\/index.php\/a-propos\/\">Read More <span class=\"meta-nav\">&rarr;<\/span><\/a><\/p>\n","protected":false},"author":2,"featured_media":0,"parent":0,"menu_order":0,"comment_status":"open","ping_status":"open","template":"","meta":[],"_links":{"self":[{"href":"http:\/\/blog.guiguiabloc.fr\/index.php\/wp-json\/wp\/v2\/pages\/2"}],"collection":[{"href":"http:\/\/blog.guiguiabloc.fr\/index.php\/wp-json\/wp\/v2\/pages"}],"about":[{"href":"http:\/\/blog.guiguiabloc.fr\/index.php\/wp-json\/wp\/v2\/types\/page"}],"author":[{"embeddable":true,"href":"http:\/\/blog.guiguiabloc.fr\/index.php\/wp-json\/wp\/v2\/users\/2"}],"replies":[{"embeddable":true,"href":"http:\/\/blog.guiguiabloc.fr\/index.php\/wp-json\/wp\/v2\/comments?post=2"}],"version-history":[{"count":15,"href":"http:\/\/blog.guiguiabloc.fr\/index.php\/wp-json\/wp\/v2\/pages\/2\/revisions"}],"predecessor-version":[{"id":1696,"href":"http:\/\/blog.guiguiabloc.fr\/index.php\/wp-json\/wp\/v2\/pages\/2\/revisions\/1696"}],"wp:attachment":[{"href":"http:\/\/blog.guiguiabloc.fr\/index.php\/wp-json\/wp\/v2\/media?parent=2"}],"curies":[{"name":"wp","href":"https:\/\/api.w.org\/{rel}","templated":true}]}}